{"id":22863,"date":"2024-12-08T18:14:47","date_gmt":"2024-12-08T18:14:47","guid":{"rendered":"https:\/\/5d-travel.com\/ba\/?page_id=22863"},"modified":"2024-12-08T18:24:53","modified_gmt":"2024-12-08T18:24:53","slug":"o-nama","status":"publish","type":"page","link":"https:\/\/5d-travel.com\/ba\/o-nama\/","title":{"rendered":"O Nama"},"content":{"rendered":"\t\t<div data-elementor-type=\"wp-page\" data-elementor-id=\"22863\" class=\"elementor elementor-22863\" data-elementor-post-type=\"page\">\n\t\t\t\t<div class=\"elementor-element elementor-element-7692b73 e-flex e-con-boxed e-con e-parent\" data-id=\"7692b73\" data-element_type=\"container\" data-e-type=\"container\">\n\t\t\t\t\t<div class=\"e-con-inner\">\n\t\t\t\t<div class=\"elementor-element elementor-element-f091697 elementor-widget elementor-widget-heading\" data-id=\"f091697\" data-element_type=\"widget\" data-e-type=\"widget\" data-widget_type=\"heading.default\">\n\t\t\t\t<div class=\"elementor-widget-container\">\n\t\t\t\t\t<h2 class=\"elementor-heading-title elementor-size-default\">5D Travel \u2013 Putujte Svijetom, Do\u017eivite Vi\u0161e<\/h2>\t\t\t\t<\/div>\n\t\t\t\t<\/div>\n\t\t\t\t\t<\/div>\n\t\t\t\t<\/div>\n\t\t<div class=\"elementor-element elementor-element-6e7c946 e-flex e-con-boxed e-con e-parent\" data-id=\"6e7c946\" data-element_type=\"container\" data-e-type=\"container\">\n\t\t\t\t\t<div class=\"e-con-inner\">\n\t\t\t\t<div class=\"elementor-element elementor-element-fd2efdd elementor-widget elementor-widget-html\" data-id=\"fd2efdd\" data-element_type=\"widget\" data-e-type=\"widget\" data-widget_type=\"html.default\">\n\t\t\t\t<div class=\"elementor-widget-container\">\n\t\t\t\t\t<!DOCTYPE html>\r\n<html lang=\"en\">\r\n<head>\r\n    <meta charset=\"UTF-8\">\r\n    <meta name=\"viewport\" content=\"width=device-width, initial-scale=1.0\">\r\n    <title>5D Travel<\/title>\r\n<\/head>\r\n<body style=\"font-family: Arial, sans-serif; line-height: 1.6; margin: 0; padding: 0; color: #333; background-color: #f9f9f9;\">\r\n    <header id=\"header\" style=\"background-color: #a4cc4b; color: #fff; padding: 1em; text-align: center;\">\r\n        <h1 style=\"margin: 0; font-size: 1.5em;\">Pouzdani Partner za Poslovna i Privatna Putovanja<\/h1>\r\n    <\/header>\r\n    <main id=\"content\" style=\"padding: 1em;\">\r\n        <section id=\"intro\" style=\"margin-bottom: 1.5em; padding: 1em; background-color: #fff; border-radius: 5px; box-shadow: 0 2px 4px rgba(0, 0, 0, 0.1);\">\r\n            <p>\r\n                5D Travel je inovativna turisti\u010dka agencija koja spaja profesionalnost, strast prema putovanjima i pa\u017eljivo\r\n                osmi\u0161ljene pakete. Specijalizirani smo za organizaciju poslovnih doga\u0111anja, luksuznih privatnih\r\n                putovanja i halal turizma. Kao start-up Op\u0161tine Centar, posve\u0107eni smo ja\u010danju lokalne zajednice,\r\n                odr\u017eivosti i podr\u0161ci \u017eenama u turizmu.\r\n            <\/p>\r\n        <\/section>\r\n        <section id=\"vision\" style=\"margin-bottom: 1.5em; padding: 1em; background-color: #fff; border-radius: 5px; box-shadow: 0 2px 4px rgba(0, 0, 0, 0.1);\">\r\n            <h2 style=\"color: #a4cc4b; margin-bottom: 0.5em;\">Na\u0161a Vizija<\/h2>\r\n            <p>\r\n                Pru\u017eiti vi\u0161e od putovanja \u2013 stvarati autenti\u010dna iskustva koja inspiri\u0161u, povezuju i promi\u010du kulturnu\r\n                raznolikost. Uz podr\u0161ku Op\u0161tine Centar, cilj nam je promovirati Sarajevo i Bosnu i Hercegovinu kao\r\n                nezaobilazne destinacije, kroz odr\u017eive i inkluzivne prakse.\r\n            <\/p>\r\n        <\/section>\r\n        <section id=\"services\" style=\"margin-bottom: 1.5em; padding: 1em; background-color: #fff; border-radius: 5px; box-shadow: 0 2px 4px rgba(0, 0, 0, 0.1);\">\r\n            <h2 style=\"color: #a4cc4b; margin-bottom: 0.5em;\">Korporativni i Poslovni Turizam<\/h2>\r\n            <ul style=\"margin: 0; padding: 0 1em; list-style-type: disc;\">\r\n                <li>Organizacija kongresa i poslovnih doga\u0111anja<\/li>\r\n                <li>Smje\u0161taj i transferi<\/li>\r\n                <li>Hospitality usluge<\/li>\r\n                <li>Tehni\u010dka podr\u0161ka<\/li>\r\n                <li>Dru\u0161tvene aktivnosti i team building<\/li>\r\n            <\/ul>\r\n        <\/section>\r\n        <section id=\"halal-tourism\" style=\"margin-bottom: 1.5em; padding: 1em; background-color: #fff; border-radius: 5px; box-shadow: 0 2px 4px rgba(0, 0, 0, 0.1);\">\r\n            <h2 style=\"color: #a4cc4b; margin-bottom: 0.5em;\">Halal Turizam \u2013 Lider u Specijaliziranim Putovanjima<\/h2>\r\n            <ul style=\"margin: 0; padding: 0 1em; list-style-type: disc;\">\r\n                <li>Luksuzni halal resorti s privatnim sadr\u017eajima za \u017eene<\/li>\r\n                <li>Prilago\u0111ena halal ishrana i prostorije za molitvu<\/li>\r\n                <li>Personalizirane ture za obitelji i grupe<\/li>\r\n                <li>Umra paketi za duhovna putovanja u Meki i Medini<\/li>\r\n            <\/ul>\r\n        <\/section>\r\n        <section id=\"destinations\" style=\"margin-bottom: 1.5em; padding: 1em; background-color: #fff; border-radius: 5px; box-shadow: 0 2px 4px rgba(0, 0, 0, 0.1);\">\r\n            <h2 style=\"color: #a4cc4b; margin-bottom: 0.5em;\">Destinacije za Svaki Ukus<\/h2>\r\n            <ul style=\"margin: 0; padding: 0 1em; list-style-type: disc;\">\r\n                <li>Jadran<\/li>\r\n                <li>Turska<\/li>\r\n                <li>Egipat<\/li>\r\n                <li>Evropa i daleke destinacije<\/li>\r\n            <\/ul>\r\n        <\/section>\r\n        <section id=\"contact\" style=\"margin-bottom: 1.5em; padding: 1em; background-color: #fff; border-radius: 5px; box-shadow: 0 2px 4px rgba(0, 0, 0, 0.1);\">\r\n            <h2 style=\"color: #a4cc4b; margin-bottom: 0.5em;\">Kontaktirajte Nas<\/h2>\r\n            <p>5D Travel je va\u0161 partner za stvaranje nezaboravnih trenutaka.<\/p>\r\n        <\/section>\r\n    <\/main>\r\n<\/body>\r\n<\/html>\r\n\t\t\t\t<\/div>\n\t\t\t\t<\/div>\n\t\t\t\t\t<\/div>\n\t\t\t\t<\/div>\n\t\t\t\t<\/div>\n\t\t","protected":false},"excerpt":{"rendered":"<p>5D Travel \u2013 Putujte Svijetom, Do\u017eivite Vi\u0161e 5D Travel Pouzdani Partner za Poslovna i Privatna Putovanja 5D Travel je inovativna turisti\u010dka agencija koja spaja profesionalnost, strast prema putovanjima i pa\u017eljivo osmi\u0161ljene pakete. Specijalizirani smo za organizaciju poslovnih doga\u0111anja, luksuznih privatnih putovanja i halal turizma. Kao start-up Op\u0161tine Centar, posve\u0107eni smo ja\u010danju lokalne zajednice, odr\u017eivosti i [&hellip;]<\/p>\n","protected":false},"author":1,"featured_media":22806,"parent":0,"menu_order":0,"comment_status":"closed","ping_status":"closed","template":"elementor_header_footer","meta":{"_acf_changed":false,"footnotes":""},"class_list":["post-22863","page","type-page","status-publish","has-post-thumbnail","hentry"],"acf":[],"yoast_head":"<!-- This site is optimized with the Yoast SEO plugin v22.7 - https:\/\/yoast.com\/wordpress\/plugins\/seo\/ -->\n<title>O Nama - 5DTravel -Discover Bosnia in 5 Dimensions<\/title>\n<meta name=\"robots\" content=\"index, follow, max-snippet:-1, max-image-preview:large, max-video-preview:-1\" \/>\n<link rel=\"canonical\" href=\"https:\/\/5d-travel.com\/ba\/o-nama\/\" \/>\n<meta property=\"og:locale\" content=\"en_US\" \/>\n<meta property=\"og:type\" content=\"article\" \/>\n<meta property=\"og:title\" content=\"O Nama - 5DTravel -Discover Bosnia in 5 Dimensions\" \/>\n<meta property=\"og:description\" content=\"5D Travel \u2013 Putujte Svijetom, Do\u017eivite Vi\u0161e 5D Travel Pouzdani Partner za Poslovna i Privatna Putovanja 5D Travel je inovativna turisti\u010dka agencija koja spaja profesionalnost, strast prema putovanjima i pa\u017eljivo osmi\u0161ljene pakete. Specijalizirani smo za organizaciju poslovnih doga\u0111anja, luksuznih privatnih putovanja i halal turizma. Kao start-up Op\u0161tine Centar, posve\u0107eni smo ja\u010danju lokalne zajednice, odr\u017eivosti i [&hellip;]\" \/>\n<meta property=\"og:url\" content=\"https:\/\/5d-travel.com\/ba\/o-nama\/\" \/>\n<meta property=\"og:site_name\" content=\"5DTravel -Discover Bosnia in 5 Dimensions\" \/>\n<meta property=\"article:modified_time\" content=\"2024-12-08T18:24:53+00:00\" \/>\n<meta property=\"og:image\" content=\"https:\/\/5d-travel.com\/ba\/wp-content\/uploads\/2024\/02\/HRVATSKA-CATEGORY-COVER.jpg\" \/>\n\t<meta property=\"og:image:width\" content=\"1200\" \/>\n\t<meta property=\"og:image:height\" content=\"600\" \/>\n\t<meta property=\"og:image:type\" content=\"image\/jpeg\" \/>\n<meta name=\"twitter:card\" content=\"summary_large_image\" \/>\n<meta name=\"twitter:label1\" content=\"Est. reading time\" \/>\n\t<meta name=\"twitter:data1\" content=\"1 minute\" \/>\n<script type=\"application\/ld+json\" class=\"yoast-schema-graph\">{\"@context\":\"https:\/\/schema.org\",\"@graph\":[{\"@type\":\"WebPage\",\"@id\":\"https:\/\/5d-travel.com\/ba\/o-nama\/\",\"url\":\"https:\/\/5d-travel.com\/ba\/o-nama\/\",\"name\":\"O Nama - 5DTravel -Discover Bosnia in 5 Dimensions\",\"isPartOf\":{\"@id\":\"https:\/\/5d-travel.com\/ba\/#website\"},\"primaryImageOfPage\":{\"@id\":\"https:\/\/5d-travel.com\/ba\/o-nama\/#primaryimage\"},\"image\":{\"@id\":\"https:\/\/5d-travel.com\/ba\/o-nama\/#primaryimage\"},\"thumbnailUrl\":\"https:\/\/5d-travel.com\/ba\/wp-content\/uploads\/2024\/02\/HRVATSKA-CATEGORY-COVER.jpg\",\"datePublished\":\"2024-12-08T18:14:47+00:00\",\"dateModified\":\"2024-12-08T18:24:53+00:00\",\"breadcrumb\":{\"@id\":\"https:\/\/5d-travel.com\/ba\/o-nama\/#breadcrumb\"},\"inLanguage\":\"en-US\",\"potentialAction\":[{\"@type\":\"ReadAction\",\"target\":[\"https:\/\/5d-travel.com\/ba\/o-nama\/\"]}]},{\"@type\":\"ImageObject\",\"inLanguage\":\"en-US\",\"@id\":\"https:\/\/5d-travel.com\/ba\/o-nama\/#primaryimage\",\"url\":\"https:\/\/5d-travel.com\/ba\/wp-content\/uploads\/2024\/02\/HRVATSKA-CATEGORY-COVER.jpg\",\"contentUrl\":\"https:\/\/5d-travel.com\/ba\/wp-content\/uploads\/2024\/02\/HRVATSKA-CATEGORY-COVER.jpg\",\"width\":1200,\"height\":600},{\"@type\":\"BreadcrumbList\",\"@id\":\"https:\/\/5d-travel.com\/ba\/o-nama\/#breadcrumb\",\"itemListElement\":[{\"@type\":\"ListItem\",\"position\":1,\"name\":\"Home\",\"item\":\"https:\/\/5d-travel.com\/ba\/\"},{\"@type\":\"ListItem\",\"position\":2,\"name\":\"O Nama\"}]},{\"@type\":\"WebSite\",\"@id\":\"https:\/\/5d-travel.com\/ba\/#website\",\"url\":\"https:\/\/5d-travel.com\/ba\/\",\"name\":\"5DTravel -Discover Bosnia in 5 Dimensions\",\"description\":\"Turisti\u010dka agencija\",\"publisher\":{\"@id\":\"https:\/\/5d-travel.com\/ba\/#organization\"},\"potentialAction\":[{\"@type\":\"SearchAction\",\"target\":{\"@type\":\"EntryPoint\",\"urlTemplate\":\"https:\/\/5d-travel.com\/ba\/?s={search_term_string}\"},\"query-input\":\"required name=search_term_string\"}],\"inLanguage\":\"en-US\"},{\"@type\":\"Organization\",\"@id\":\"https:\/\/5d-travel.com\/ba\/#organization\",\"name\":\"5DTravel -Discover Bosnia in 5 Dimensions\",\"url\":\"https:\/\/5d-travel.com\/ba\/\",\"logo\":{\"@type\":\"ImageObject\",\"inLanguage\":\"en-US\",\"@id\":\"https:\/\/5d-travel.com\/ba\/#\/schema\/logo\/image\/\",\"url\":\"https:\/\/5d-travel.com\/ba\/wp-content\/uploads\/2024\/11\/5dlogo.png\",\"contentUrl\":\"https:\/\/5d-travel.com\/ba\/wp-content\/uploads\/2024\/11\/5dlogo.png\",\"width\":165,\"height\":54,\"caption\":\"5DTravel -Discover Bosnia in 5 Dimensions\"},\"image\":{\"@id\":\"https:\/\/5d-travel.com\/ba\/#\/schema\/logo\/image\/\"}}]}<\/script>\n<!-- \/ Yoast SEO plugin. -->","yoast_head_json":{"title":"O Nama - 5DTravel -Discover Bosnia in 5 Dimensions","robots":{"index":"index","follow":"follow","max-snippet":"max-snippet:-1","max-image-preview":"max-image-preview:large","max-video-preview":"max-video-preview:-1"},"canonical":"https:\/\/5d-travel.com\/ba\/o-nama\/","og_locale":"en_US","og_type":"article","og_title":"O Nama - 5DTravel -Discover Bosnia in 5 Dimensions","og_description":"5D Travel \u2013 Putujte Svijetom, Do\u017eivite Vi\u0161e 5D Travel Pouzdani Partner za Poslovna i Privatna Putovanja 5D Travel je inovativna turisti\u010dka agencija koja spaja profesionalnost, strast prema putovanjima i pa\u017eljivo osmi\u0161ljene pakete. Specijalizirani smo za organizaciju poslovnih doga\u0111anja, luksuznih privatnih putovanja i halal turizma. Kao start-up Op\u0161tine Centar, posve\u0107eni smo ja\u010danju lokalne zajednice, odr\u017eivosti i [&hellip;]","og_url":"https:\/\/5d-travel.com\/ba\/o-nama\/","og_site_name":"5DTravel -Discover Bosnia in 5 Dimensions","article_modified_time":"2024-12-08T18:24:53+00:00","og_image":[{"width":1200,"height":600,"url":"https:\/\/5d-travel.com\/ba\/wp-content\/uploads\/2024\/02\/HRVATSKA-CATEGORY-COVER.jpg","type":"image\/jpeg"}],"twitter_card":"summary_large_image","twitter_misc":{"Est. reading time":"1 minute"},"schema":{"@context":"https:\/\/schema.org","@graph":[{"@type":"WebPage","@id":"https:\/\/5d-travel.com\/ba\/o-nama\/","url":"https:\/\/5d-travel.com\/ba\/o-nama\/","name":"O Nama - 5DTravel -Discover Bosnia in 5 Dimensions","isPartOf":{"@id":"https:\/\/5d-travel.com\/ba\/#website"},"primaryImageOfPage":{"@id":"https:\/\/5d-travel.com\/ba\/o-nama\/#primaryimage"},"image":{"@id":"https:\/\/5d-travel.com\/ba\/o-nama\/#primaryimage"},"thumbnailUrl":"https:\/\/5d-travel.com\/ba\/wp-content\/uploads\/2024\/02\/HRVATSKA-CATEGORY-COVER.jpg","datePublished":"2024-12-08T18:14:47+00:00","dateModified":"2024-12-08T18:24:53+00:00","breadcrumb":{"@id":"https:\/\/5d-travel.com\/ba\/o-nama\/#breadcrumb"},"inLanguage":"en-US","potentialAction":[{"@type":"ReadAction","target":["https:\/\/5d-travel.com\/ba\/o-nama\/"]}]},{"@type":"ImageObject","inLanguage":"en-US","@id":"https:\/\/5d-travel.com\/ba\/o-nama\/#primaryimage","url":"https:\/\/5d-travel.com\/ba\/wp-content\/uploads\/2024\/02\/HRVATSKA-CATEGORY-COVER.jpg","contentUrl":"https:\/\/5d-travel.com\/ba\/wp-content\/uploads\/2024\/02\/HRVATSKA-CATEGORY-COVER.jpg","width":1200,"height":600},{"@type":"BreadcrumbList","@id":"https:\/\/5d-travel.com\/ba\/o-nama\/#breadcrumb","itemListElement":[{"@type":"ListItem","position":1,"name":"Home","item":"https:\/\/5d-travel.com\/ba\/"},{"@type":"ListItem","position":2,"name":"O Nama"}]},{"@type":"WebSite","@id":"https:\/\/5d-travel.com\/ba\/#website","url":"https:\/\/5d-travel.com\/ba\/","name":"5DTravel -Discover Bosnia in 5 Dimensions","description":"Turisti\u010dka agencija","publisher":{"@id":"https:\/\/5d-travel.com\/ba\/#organization"},"potentialAction":[{"@type":"SearchAction","target":{"@type":"EntryPoint","urlTemplate":"https:\/\/5d-travel.com\/ba\/?s={search_term_string}"},"query-input":"required name=search_term_string"}],"inLanguage":"en-US"},{"@type":"Organization","@id":"https:\/\/5d-travel.com\/ba\/#organization","name":"5DTravel -Discover Bosnia in 5 Dimensions","url":"https:\/\/5d-travel.com\/ba\/","logo":{"@type":"ImageObject","inLanguage":"en-US","@id":"https:\/\/5d-travel.com\/ba\/#\/schema\/logo\/image\/","url":"https:\/\/5d-travel.com\/ba\/wp-content\/uploads\/2024\/11\/5dlogo.png","contentUrl":"https:\/\/5d-travel.com\/ba\/wp-content\/uploads\/2024\/11\/5dlogo.png","width":165,"height":54,"caption":"5DTravel -Discover Bosnia in 5 Dimensions"},"image":{"@id":"https:\/\/5d-travel.com\/ba\/#\/schema\/logo\/image\/"}}]}},"_links":{"self":[{"href":"https:\/\/5d-travel.com\/ba\/wp-json\/wp\/v2\/pages\/22863","targetHints":{"allow":["GET"]}}],"collection":[{"href":"https:\/\/5d-travel.com\/ba\/wp-json\/wp\/v2\/pages"}],"about":[{"href":"https:\/\/5d-travel.com\/ba\/wp-json\/wp\/v2\/types\/page"}],"author":[{"embeddable":true,"href":"https:\/\/5d-travel.com\/ba\/wp-json\/wp\/v2\/users\/1"}],"replies":[{"embeddable":true,"href":"https:\/\/5d-travel.com\/ba\/wp-json\/wp\/v2\/comments?post=22863"}],"version-history":[{"count":8,"href":"https:\/\/5d-travel.com\/ba\/wp-json\/wp\/v2\/pages\/22863\/revisions"}],"predecessor-version":[{"id":22934,"href":"https:\/\/5d-travel.com\/ba\/wp-json\/wp\/v2\/pages\/22863\/revisions\/22934"}],"wp:featuredmedia":[{"embeddable":true,"href":"https:\/\/5d-travel.com\/ba\/wp-json\/wp\/v2\/media\/22806"}],"wp:attachment":[{"href":"https:\/\/5d-travel.com\/ba\/wp-json\/wp\/v2\/media?parent=22863"}],"curies":[{"name":"wp","href":"https:\/\/api.w.org\/{rel}","templated":true}]}}